{"id":207,"date":"2021-08-21T12:11:47","date_gmt":"2021-08-21T10:11:47","guid":{"rendered":"https:\/\/filmic.se\/?page_id=207"},"modified":"2025-09-30T13:19:34","modified_gmt":"2025-09-30T11:19:34","slug":"kontakt","status":"publish","type":"page","link":"https:\/\/filmic.se\/sv\/kontakt\/","title":{"rendered":"Kontakt"},"content":{"rendered":"<section id=\"contentblock-block_d3db12d05a44f2184e66edc1caeb0e07\" class=\"text-white white contentblock is-style-grid-10 smalltitle slim wp-elements-d3e144ebc02efb2751521d98a8c9d75b\" >\n\n\n    \n<div class=\"block-bg-container\">\n    \n    <div class=\"bg-image desktop-img\" data-speed-y=\"-5\" data-offset=\"0\" style=\"background-image:url(https:\/\/filmic.se\/wp-content\/uploads\/2025\/09\/Contact_Image4.jpg);\"><\/div>\n    <div class=\"bg-image mobile-img\" style=\"background-image:url(https:\/\/filmic.se\/wp-content\/uploads\/2025\/09\/Contact_Image4.jpg);\"><\/div>\n\n    <div class=\"ghost\"><\/div>\n    \n<\/div>\n    <div class=\"inner \">\n        <h1 style=\"text-align: left;\">Du kan n\u00e5 v\u00e5rt kontor direkt genom att<br \/>\nringa oss p\u00e5: <a href=\"tel:46851970790\">+46(0) 8 519 70 790<\/a><\/h1>\n\n    <\/div>\n    \n<\/section>\n\n<section id=\"columns-block_a472efdea42b092530510b3f8ff8fc1b\" class=\"right white columns extrabigheader is-style-grid-12 contactcols\" >\n\n    <div class=\"inner right\">\n\n\n\n        \n\n        \n            <div class=\"column-container\">\n\n                                        <div class=\"col\">\n            \n                            <h3>Business<\/h3>\n<p><strong>Andreas Ibohm<\/strong><br \/>\nExekutiv Producent<br \/>\n+46 70 310 95 29<br \/>\n<a class=\"thin\" href=\"mailto:andreas@filmicart.com\">andreas@filmicart.com<\/a><\/p>\n<p><strong>Moa Thenstedt \u00c5kerstr\u00f6m<\/strong><br \/>\nProducent<br \/>\n+46 73 063 60 60<br \/>\n<a class=\"thin\" href=\"mailto:moa@filmicart.com\">moa@filmicart.com<\/a><\/p>\n \n\n                        <\/div>\n\n                                            <div class=\"col\">\n            \n                            <h3>Talang<\/h3>\n<p>\u00c4r du en erfaren Producent, Junior Producent, 3D-Artist, Compositing Artist, 2D-Animat\u00f6r, Game Capture Artist eller Illustrat\u00f6r som \u00e4r van vid animation? Skicka g\u00e4rna din reel eller cv till: \u00a0<a href=\"mailto:jobb@filmicart.com\">jobb@filmicart.com<\/a><\/p>\n \n\n                        <\/div>\n\n                                            <div class=\"col\">\n            \n                            <h3>Praktik<\/h3>\n<p>G\u00e5r du p\u00e5 n\u00e5gon yrkesskola inom animation, 3D eller VFX och s\u00f6ker praktik? Maila oss g\u00e4rna p\u00e5: <a href=\"mailto:intern@filmicart.com\">intern@filmicart.com<\/a><\/p>\n \n\n                        <\/div>\n\n                    \n                \n            <\/div>\n\n    <\/div>\n    \n<\/section>\n\n<section id=\"contentblock-block_aaf29b75cd58aeffc7d47fb4b27713d6\" class=\"text-black teal contentblock officebanner is-style-grid-6\" >\n\n\n    \n    <div class=\"inner \">\n        <h1 style=\"text-align: center;\">Vi letar alltid efter nya<br \/>\nsamarbeten och kreativa talanger.<br \/>\nTveka inte att h\u00f6ra av dig!<\/h1>\n\n    <\/div>\n    \n<\/section>\n\n<section id=\"contentblock-block_7687cf6c42273c23e4697c819955904b\" class=\"text-black white contentblock is-style-grid-10 maptitle\" >\n\n\n    \n    <div class=\"inner \">\n        <h3 style=\"text-align: left;\">Du \u00e4r s\u00e5klart ocks\u00e5 v\u00e4lkommen att bes\u00f6ka oss i v\u00e5r takv\u00e5ning mitt i Gamla Stan, Stockholm.<\/h3>\n\n    <\/div>\n    \n<\/section>\n\n<section id=\"columns-block_f790347a94cebed9cb6ff1815fccba85\" class=\"right white columns notoppadding is-style-grid-12 mapcols\" >\n\n    <div class=\"inner right\">\n\n\n\n        \n\n        \n            <div class=\"column-container\">\n\n                                        <div class=\"col\">\n            \n                            <p><strong>Filmic<\/strong><br \/>\nLilla Nygatan 20<br \/>\n111 28, Stockholm<br \/>\nSweden<\/p>\n \n\n                        <\/div>\n\n                                            <div class=\"col\">\n            \n                            <p><strong>+46(0) 8 519 70 790<\/strong><\/p>\n \n\n                        <\/div>\n\n                                            <div class=\"col\">\n            \n                            <p>&nbsp;<\/p>\n \n\n                        <\/div>\n\n                    \n                \n            <\/div>\n\n    <\/div>\n    \n<\/section>\n\n<section id=\"contentblock-block_889f82224996cf2426759230e5f0408c\" class=\"text-black white contentblock is-style-grid-8 notoppadding\" >\n\n\n    \n    <div class=\"inner \">\n        <p><iframe loading=\"lazy\" id=\"fa-google-map\" class=\"fa-google-map\" src=\"https:\/\/www.google.com\/maps\/embed?pb=!1m18!1m12!1m3!1d2035.6000799367835!2d18.067580416204187!3d59.32293471857713!2m3!1f0!2f0!3f0!3m2!1i1024!2i768!4f13.1!3m3!1m2!1s0x465f77e30144e08f%3A0x64506dfa53c03efc!2sFilmic%20ART!5e0!3m2!1ssv!2sse!4v1580473171729!5m2!1ssv!2sse\" width=\"100%\" height=\"320\" frameborder=\"0\" allowfullscreen=\"\"><\/iframe><\/p>\n\n    <\/div>\n    \n<\/section>\n\n\n<div class=\"wp-block-columns is-layout-flex wp-container-core-columns-is-layout-9d6595d7 wp-block-columns-is-layout-flex\">\n<div class=\"wp-block-column is-layout-flow wp-block-column-is-layout-flow\"><\/div>\n<\/div>\n","protected":false},"excerpt":{"rendered":"","protected":false},"author":1,"featured_media":0,"parent":0,"menu_order":0,"comment_status":"closed","ping_status":"closed","template":"","meta":{"_acf_changed":false,"_monsterinsights_skip_tracking":false,"_monsterinsights_sitenote_active":false,"_monsterinsights_sitenote_note":"","_monsterinsights_sitenote_category":0,"footnotes":""},"class_list":["post-207","page","type-page","status-publish","hentry"],"acf":[],"yoast_head":"<!-- This site is optimized with the Yoast SEO Premium plugin v26.2 (Yoast SEO v27.4) - https:\/\/yoast.com\/product\/yoast-seo-premium-wordpress\/ -->\n<title>Kontakt - Filmic Animation<\/title>\n<meta name=\"description\" content=\"Vi \u00e4r alltid p\u00e5 spaning efter nya samarbeten. Tveka inte att h\u00f6ra av dig. Du \u00e4r ocks\u00e5 v\u00e4lkommen att bes\u00f6ka oss i Gamla Stan, Stockholm.\" \/>\n<meta name=\"robots\" content=\"index, follow, max-snippet:-1, max-image-preview:large, max-video-preview:-1\" \/>\n<link rel=\"canonical\" href=\"https:\/\/filmic.se\/sv\/kontakt\/\" \/>\n<meta property=\"og:locale\" content=\"sv_SE\" \/>\n<meta property=\"og:type\" content=\"article\" \/>\n<meta property=\"og:title\" content=\"Kontakt\" \/>\n<meta property=\"og:description\" content=\"Vi \u00e4r alltid p\u00e5 spaning efter nya samarbeten. Tveka inte att h\u00f6ra av dig. Du \u00e4r ocks\u00e5 v\u00e4lkommen att bes\u00f6ka oss i Gamla Stan, Stockholm.\" \/>\n<meta property=\"og:url\" content=\"https:\/\/filmic.se\/sv\/kontakt\/\" \/>\n<meta property=\"og:site_name\" content=\"Filmic Animation\" \/>\n<meta property=\"article:publisher\" content=\"https:\/\/sv-se.facebook.com\/filmicart\" \/>\n<meta property=\"article:modified_time\" content=\"2025-09-30T11:19:34+00:00\" \/>\n<meta property=\"og:image\" content=\"https:\/\/filmic.se\/wp-content\/uploads\/2021\/09\/hm-kangol.jpg\" \/>\n\t<meta property=\"og:image:width\" content=\"1679\" \/>\n\t<meta property=\"og:image:height\" content=\"992\" \/>\n\t<meta property=\"og:image:type\" content=\"image\/jpeg\" \/>\n<meta name=\"twitter:card\" content=\"summary_large_image\" \/>\n<meta name=\"twitter:label1\" content=\"Ber\u00e4knad l\u00e4stid\" \/>\n\t<meta name=\"twitter:data1\" content=\"1 minut\" \/>\n<script type=\"application\/ld+json\" class=\"yoast-schema-graph\">{\"@context\":\"https:\\\/\\\/schema.org\",\"@graph\":[{\"@type\":\"WebPage\",\"@id\":\"https:\\\/\\\/filmic.se\\\/sv\\\/kontakt\\\/\",\"url\":\"https:\\\/\\\/filmic.se\\\/sv\\\/kontakt\\\/\",\"name\":\"Kontakt - Filmic Animation\",\"isPartOf\":{\"@id\":\"https:\\\/\\\/filmic.se\\\/sv\\\/#website\"},\"datePublished\":\"2021-08-21T10:11:47+00:00\",\"dateModified\":\"2025-09-30T11:19:34+00:00\",\"description\":\"Vi \u00e4r alltid p\u00e5 spaning efter nya samarbeten. Tveka inte att h\u00f6ra av dig. Du \u00e4r ocks\u00e5 v\u00e4lkommen att bes\u00f6ka oss i Gamla Stan, Stockholm.\",\"breadcrumb\":{\"@id\":\"https:\\\/\\\/filmic.se\\\/sv\\\/kontakt\\\/#breadcrumb\"},\"inLanguage\":\"sv-SE\",\"potentialAction\":[{\"@type\":\"ReadAction\",\"target\":[\"https:\\\/\\\/filmic.se\\\/sv\\\/kontakt\\\/\"]}]},{\"@type\":\"BreadcrumbList\",\"@id\":\"https:\\\/\\\/filmic.se\\\/sv\\\/kontakt\\\/#breadcrumb\",\"itemListElement\":[{\"@type\":\"ListItem\",\"position\":1,\"name\":\"Home\",\"item\":\"https:\\\/\\\/filmic.se\\\/sv\\\/\"},{\"@type\":\"ListItem\",\"position\":2,\"name\":\"Kontakt\"}]},{\"@type\":\"WebSite\",\"@id\":\"https:\\\/\\\/filmic.se\\\/sv\\\/#website\",\"url\":\"https:\\\/\\\/filmic.se\\\/sv\\\/\",\"name\":\"Filmic Animation\",\"description\":\"Animation Studio in Stockholm\",\"publisher\":{\"@id\":\"https:\\\/\\\/filmic.se\\\/sv\\\/#organization\"},\"potentialAction\":[{\"@type\":\"SearchAction\",\"target\":{\"@type\":\"EntryPoint\",\"urlTemplate\":\"https:\\\/\\\/filmic.se\\\/sv\\\/?s={search_term_string}\"},\"query-input\":{\"@type\":\"PropertyValueSpecification\",\"valueRequired\":true,\"valueName\":\"search_term_string\"}}],\"inLanguage\":\"sv-SE\"},{\"@type\":\"Organization\",\"@id\":\"https:\\\/\\\/filmic.se\\\/sv\\\/#organization\",\"name\":\"Filmic\",\"url\":\"https:\\\/\\\/filmic.se\\\/sv\\\/\",\"logo\":{\"@type\":\"ImageObject\",\"inLanguage\":\"sv-SE\",\"@id\":\"https:\\\/\\\/filmic.se\\\/sv\\\/#\\\/schema\\\/logo\\\/image\\\/\",\"url\":\"https:\\\/\\\/filmic.se\\\/wp-content\\\/uploads\\\/2026\\\/04\\\/Filmic-logo-black.png\",\"contentUrl\":\"https:\\\/\\\/filmic.se\\\/wp-content\\\/uploads\\\/2026\\\/04\\\/Filmic-logo-black.png\",\"width\":2000,\"height\":638,\"caption\":\"Filmic\"},\"image\":{\"@id\":\"https:\\\/\\\/filmic.se\\\/sv\\\/#\\\/schema\\\/logo\\\/image\\\/\"},\"sameAs\":[\"https:\\\/\\\/sv-se.facebook.com\\\/filmicart\",\"https:\\\/\\\/www.linkedin.com\\\/company\\\/filmic-art-ab\\\/\",\"https:\\\/\\\/vimeo.com\\\/filmicart\"]}]}<\/script>\n<!-- \/ Yoast SEO Premium plugin. -->","yoast_head_json":{"title":"Kontakt - Filmic Animation","description":"Vi \u00e4r alltid p\u00e5 spaning efter nya samarbeten. Tveka inte att h\u00f6ra av dig. Du \u00e4r ocks\u00e5 v\u00e4lkommen att bes\u00f6ka oss i Gamla Stan, Stockholm.","robots":{"index":"index","follow":"follow","max-snippet":"max-snippet:-1","max-image-preview":"max-image-preview:large","max-video-preview":"max-video-preview:-1"},"canonical":"https:\/\/filmic.se\/sv\/kontakt\/","og_locale":"sv_SE","og_type":"article","og_title":"Kontakt","og_description":"Vi \u00e4r alltid p\u00e5 spaning efter nya samarbeten. Tveka inte att h\u00f6ra av dig. Du \u00e4r ocks\u00e5 v\u00e4lkommen att bes\u00f6ka oss i Gamla Stan, Stockholm.","og_url":"https:\/\/filmic.se\/sv\/kontakt\/","og_site_name":"Filmic Animation","article_publisher":"https:\/\/sv-se.facebook.com\/filmicart","article_modified_time":"2025-09-30T11:19:34+00:00","og_image":[{"width":1679,"height":992,"url":"https:\/\/filmic.se\/wp-content\/uploads\/2021\/09\/hm-kangol.jpg","type":"image\/jpeg"}],"twitter_card":"summary_large_image","twitter_misc":{"Ber\u00e4knad l\u00e4stid":"1 minut"},"schema":{"@context":"https:\/\/schema.org","@graph":[{"@type":"WebPage","@id":"https:\/\/filmic.se\/sv\/kontakt\/","url":"https:\/\/filmic.se\/sv\/kontakt\/","name":"Kontakt - Filmic Animation","isPartOf":{"@id":"https:\/\/filmic.se\/sv\/#website"},"datePublished":"2021-08-21T10:11:47+00:00","dateModified":"2025-09-30T11:19:34+00:00","description":"Vi \u00e4r alltid p\u00e5 spaning efter nya samarbeten. Tveka inte att h\u00f6ra av dig. Du \u00e4r ocks\u00e5 v\u00e4lkommen att bes\u00f6ka oss i Gamla Stan, Stockholm.","breadcrumb":{"@id":"https:\/\/filmic.se\/sv\/kontakt\/#breadcrumb"},"inLanguage":"sv-SE","potentialAction":[{"@type":"ReadAction","target":["https:\/\/filmic.se\/sv\/kontakt\/"]}]},{"@type":"BreadcrumbList","@id":"https:\/\/filmic.se\/sv\/kontakt\/#breadcrumb","itemListElement":[{"@type":"ListItem","position":1,"name":"Home","item":"https:\/\/filmic.se\/sv\/"},{"@type":"ListItem","position":2,"name":"Kontakt"}]},{"@type":"WebSite","@id":"https:\/\/filmic.se\/sv\/#website","url":"https:\/\/filmic.se\/sv\/","name":"Filmic Animation","description":"Animation Studio in Stockholm","publisher":{"@id":"https:\/\/filmic.se\/sv\/#organization"},"potentialAction":[{"@type":"SearchAction","target":{"@type":"EntryPoint","urlTemplate":"https:\/\/filmic.se\/sv\/?s={search_term_string}"},"query-input":{"@type":"PropertyValueSpecification","valueRequired":true,"valueName":"search_term_string"}}],"inLanguage":"sv-SE"},{"@type":"Organization","@id":"https:\/\/filmic.se\/sv\/#organization","name":"Filmic","url":"https:\/\/filmic.se\/sv\/","logo":{"@type":"ImageObject","inLanguage":"sv-SE","@id":"https:\/\/filmic.se\/sv\/#\/schema\/logo\/image\/","url":"https:\/\/filmic.se\/wp-content\/uploads\/2026\/04\/Filmic-logo-black.png","contentUrl":"https:\/\/filmic.se\/wp-content\/uploads\/2026\/04\/Filmic-logo-black.png","width":2000,"height":638,"caption":"Filmic"},"image":{"@id":"https:\/\/filmic.se\/sv\/#\/schema\/logo\/image\/"},"sameAs":["https:\/\/sv-se.facebook.com\/filmicart","https:\/\/www.linkedin.com\/company\/filmic-art-ab\/","https:\/\/vimeo.com\/filmicart"]}]}},"_links":{"self":[{"href":"https:\/\/filmic.se\/sv\/wp-json\/wp\/v2\/pages\/207","targetHints":{"allow":["GET"]}}],"collection":[{"href":"https:\/\/filmic.se\/sv\/wp-json\/wp\/v2\/pages"}],"about":[{"href":"https:\/\/filmic.se\/sv\/wp-json\/wp\/v2\/types\/page"}],"author":[{"embeddable":true,"href":"https:\/\/filmic.se\/sv\/wp-json\/wp\/v2\/users\/1"}],"replies":[{"embeddable":true,"href":"https:\/\/filmic.se\/sv\/wp-json\/wp\/v2\/comments?post=207"}],"version-history":[{"count":111,"href":"https:\/\/filmic.se\/sv\/wp-json\/wp\/v2\/pages\/207\/revisions"}],"predecessor-version":[{"id":13026,"href":"https:\/\/filmic.se\/sv\/wp-json\/wp\/v2\/pages\/207\/revisions\/13026"}],"wp:attachment":[{"href":"https:\/\/filmic.se\/sv\/wp-json\/wp\/v2\/media?parent=207"}],"curies":[{"name":"wp","href":"https:\/\/api.w.org\/{rel}","templated":true}]}}