{"id":11755,"date":"2023-08-23T17:28:04","date_gmt":"2023-08-23T15:28:04","guid":{"rendered":"https:\/\/filmic.se\/?page_id=11755"},"modified":"2025-06-10T14:32:31","modified_gmt":"2025-06-10T12:32:31","slug":"om-oss","status":"publish","type":"page","link":"https:\/\/filmic.se\/sv\/om-oss\/","title":{"rendered":"Om oss"},"content":{"rendered":"<section id=\"contentblock-block_b7fb23ec7b95e7ff2f0e608a19dd194d\" class=\"text-black white contentblock is-style-grid-12\" >\n\n\n    \n    <div class=\"inner \">\n        <p class=\"intro introduction grey-introduction\" style=\"text-align: left;\"><strong>Filmic<\/strong> \u00e4r ett prisbel\u00f6nt produktionsbolag och animationsstudio grundad i Stockholm 2007. V\u00e5r superkraft? Att f\u00f6rvandla avancerade animationsprojekt till kreativa, inspirerande \u2013 och inte minst roliga \u2013 upplevelser. Genom 3D-animation, visuella effekter och f\u00e4ngslande storytelling skapar vi filmer som v\u00e4cker k\u00e4nslor, bygger relationer och lyfter varum\u00e4rken.<\/p>\n\n    <\/div>\n    \n<\/section>\n\n<section id=\"awards\" class=\"default white awards is-style-grid-10\" >\n\n    <div class=\"inner default\">\n\n\n\n\n        <h2>Priser<\/h2>                <img decoding=\"async\" src=\"https:\/\/filmic.se\/wp-content\/uploads\/2023\/08\/Awards-4-narrow.jpg\" alt=\"Filmic Awards\" \/>\n            \n\n\n        <div class=\"award-container\">\n\n            <div class=\"col\">                    <div class=\"item\">\n\n                        <h3>ROY Awards<\/h3><div class=\"aw-tags\"><span>2016<\/span><span> B\u00c4STA ANIMATION<\/span><span> SINTEF<\/span><\/div><a href=\"https:\/\/filmic.se\/sv\/work\/nya-marina-resurser\/\">View Project<\/a>        \n\n                    <\/div>\n\n                                    <div class=\"item\">\n\n                        <h3>Deauville Green Awards<\/h3><div class=\"aw-tags\"><span>2018<\/span><span> SINTEF<\/span><\/div><a href=\"https:\/\/filmic.se\/sv\/work\/nya-marina-resurser\/\">View Project<\/a>        \n\n                    <\/div>\n\n                                    <div class=\"item\">\n\n                        <h3>Cannes <span>Corporate Media &#038; TV<\/span><\/h3><div class=\"aw-tags\"><span>2018<\/span><span> SILVER<\/span><span> NAV HELPERS<\/span><\/div><a href=\"https:\/\/filmic.se\/sv\/work\/nav-helpers\/\">View Project<\/a>        \n\n                    <\/div>\n\n                                    <div class=\"item\">\n\n                        <h3>Cannes <span>Corporate Media &#038; TV<\/span><\/h3><div class=\"aw-tags\"><span>2019<\/span><span> SILVER<\/span><span> POLESTAR<\/span><\/div><a href=\"https:\/\/filmic.se\/sv\/work\/polestar-time-to-move-on\/\">View Project<\/a>        \n\n                    <\/div>\n\n                                    <div class=\"item\">\n\n                        <h3>D&#038;AD Awards<\/h3><div class=\"aw-tags\"><span>2023<\/span><span> WOODEN PENCIL<\/span><span> MC DONALDS<\/span><\/div><a href=\"https:\/\/filmic.se\/sv\/work\/deals-stuck-in-time\/\">View Project<\/a>        \n\n                    <\/div>\n\n                <\/div><div class=\"col\">                    <div class=\"item\">\n\n                        <h3>Cannes<\/h3><div class=\"aw-tags\"><span>2019<\/span><span> SILVER<\/span><span> TETRA PAK<\/span><\/div><a href=\"https:\/\/filmic.se\/sv\/work\/tetra-pak-animation\/\">View Project<\/a>        \n\n                    <\/div>\n\n                                    <div class=\"item\">\n\n                        <h3>NYX Awards<\/h3><div class=\"aw-tags\"><span>2020<\/span><span> GRAND WINNER<\/span><span> STELLARIS<\/span><\/div><a href=\"https:\/\/filmic.se\/sv\/work\/stellaris-anniversary-trailer\/\">View Project<\/a>        \n\n                    <\/div>\n\n                                    <div class=\"item\">\n\n                        <h3>MUSE Awards<\/h3><div class=\"aw-tags\"><span>2020<\/span><span> PLATINUM WINNER<\/span><span> STELLARIS<\/span><\/div><a href=\"https:\/\/filmic.se\/sv\/work\/stellaris-anniversary-trailer\/\">View Project<\/a>        \n\n                    <\/div>\n\n                                    <div class=\"item\">\n\n                        <h3>Obie Awards<\/h3><div class=\"aw-tags\"><span>2022<\/span><span> B\u00c4STA INTERNATIONELLA UTOMHUS REKLAM<\/span><span> FANTA<\/span><\/div><a href=\"https:\/\/filmic.se\/sv\/work\/halloween-2022\/\">View Project<\/a>        \n\n                    <\/div>\n\n                <\/div>\n        <\/div>\n\n    <\/div>\n    \n<\/section>\n\n<section id=\"delimiter-block_3460b13a46aebfba921ad3c9f2cac20b\" class=\"default white delimiter is-style-grid-10\" >\n\n    <div class=\"inner default\">\n\n        <div class=\"delimiter-hr\"><\/div>\n\n    <\/div>\n    \n<\/section>\n\n<section id=\"contentblock-block_555ca129d1ad5d7f3608d7bfb4e60881\" class=\"text-black white contentblock is-style-grid-8  new-page-article\" >\n\n\n    \n    <div class=\"inner \">\n        <h2>Directors &#8211; Producers &#8211; Animators<\/h2>\n<p>Som experter p\u00e5 reklamfilm och speltrailers sedan 2007 hj\u00e4lper vi till att g\u00f6ra avancerade animationsprojekt l\u00e4tttillg\u00e4ngliga och kreativa!<\/p>\n<p>Filmic \u00e4r ett animations och produktionsbolag lett av regiss\u00f6rer, producenter och animat\u00f6rer, men framf\u00f6r allt \u00e4r vi historieber\u00e4ttare. Vi v\u00e4cker ber\u00e4ttelser till liv med kreativitet och vision, och skapar engagerande och f\u00e4ngslande upplevelser. I en stor takv\u00e5ning i Gamla stan, Stockholm, erbjuder vi 20 arbetsstationer och v\u00e5r egen renderfarm.<\/p>\n<p>V\u00e5ra huvudstyrkor \u00e4r att vi hanterar stora, tekniska och konstn\u00e4rliga projekt i 3D och 2D, och har ett starkt kreativt team med nyckelartister, regiss\u00f6rer, erfarna producenter, in house art directors och designers.<\/p>\n<p><em>&#8221;We create emotions through the art of animation&#8221;<\/em><\/p>\n\n    <\/div>\n    \n<\/section>\n\n\n<section id=\"slideshow-block_92f4a0eb99937d7973f035b59833b3e7\" class=\"white slideshow img-slideshow article-slideshow is-style-grid-10 slimslider\" >\n\n    <div class=\"inner \">\n    \n        <div class=\"article-slider quote-slider lazy-slider flexslider flexFull loading\">\n\n            \n\n                    <ul class=\"slides\">\n\n\n                        \n\n\n                                        <li class=\"lhs-slide lazyslide\" data-src=\"https:\/\/filmic.se\/wp-content\/uploads\/2025\/06\/Filmic_OFFICE_0_OLD_TOWN.jpg\" data-pos=\"center center\">\n                                            <div class=\"bg-container\" style=\"background-image:url(https:\/\/filmic.se\/wp-content\/uploads\/2025\/06\/Filmic_OFFICE_0_OLD_TOWN.jpg);background-position:center center;\"><\/div>\n                                        <\/li>\n\n                                                                    \n\n                                                                    <li class=\"lhs-slide lazyslide\" data-src=\"https:\/\/filmic.se\/wp-content\/uploads\/2025\/06\/Filmic_OFFICE_1.jpg\" data-pos=\"center center\">\n                                    <div class=\"bg-container\"><\/div>\n                                <\/li>\n                                                                            \n\n                                                                    <li class=\"lhs-slide lazyslide\" data-src=\"https:\/\/filmic.se\/wp-content\/uploads\/2025\/06\/Filmic_OFFICE_2.jpg\" data-pos=\"center center\">\n                                    <div class=\"bg-container\"><\/div>\n                                <\/li>\n                                                                            \n\n                                                                    <li class=\"lhs-slide lazyslide\" data-src=\"https:\/\/filmic.se\/wp-content\/uploads\/2025\/06\/Filmic_OFFICE_3.jpg\" data-pos=\"center center\">\n                                    <div class=\"bg-container\"><\/div>\n                                <\/li>\n                                                                            \n\n                                                                    <li class=\"lhs-slide lazyslide\" data-src=\"https:\/\/filmic.se\/wp-content\/uploads\/2025\/06\/Filmic_OFFICE_4.jpg\" data-pos=\"center center\">\n                                    <div class=\"bg-container\"><\/div>\n                                <\/li>\n                                                                            \n\n                                                                    <li class=\"lhs-slide lazyslide\" data-src=\"https:\/\/filmic.se\/wp-content\/uploads\/2025\/06\/Filmic_OFFICE_6.jpg\" data-pos=\"center center\">\n                                    <div class=\"bg-container\"><\/div>\n                                <\/li>\n                                                                            \n\n                                                                    <li class=\"lhs-slide lazyslide\" data-src=\"https:\/\/filmic.se\/wp-content\/uploads\/2025\/06\/Filmic_OFFICE_5.jpg\" data-pos=\"center center\">\n                                    <div class=\"bg-container\"><\/div>\n                                <\/li>\n                                                                            \n\n                        \n                    <\/ul>\n\n    \n\n            <\/div>\n        <\/div>\n    \n<\/section>","protected":false},"excerpt":{"rendered":"","protected":false},"author":1,"featured_media":0,"parent":0,"menu_order":0,"comment_status":"closed","ping_status":"closed","template":"","meta":{"_acf_changed":false,"_monsterinsights_skip_tracking":false,"_monsterinsights_sitenote_active":false,"_monsterinsights_sitenote_note":"","_monsterinsights_sitenote_category":0,"footnotes":""},"class_list":["post-11755","page","type-page","status-publish","hentry"],"acf":[],"yoast_head":"<!-- This site is optimized with the Yoast SEO Premium plugin v26.2 (Yoast SEO v27.4) - https:\/\/yoast.com\/product\/yoast-seo-premium-wordpress\/ -->\n<title>Om oss - Filmic Animation<\/title>\n<meta name=\"robots\" content=\"index, follow, max-snippet:-1, max-image-preview:large, max-video-preview:-1\" \/>\n<link rel=\"canonical\" href=\"https:\/\/filmic.se\/sv\/om-oss\/\" \/>\n<meta property=\"og:locale\" content=\"sv_SE\" \/>\n<meta property=\"og:type\" content=\"article\" \/>\n<meta property=\"og:title\" content=\"Om oss\" \/>\n<meta property=\"og:url\" content=\"https:\/\/filmic.se\/sv\/om-oss\/\" \/>\n<meta property=\"og:site_name\" content=\"Filmic Animation\" \/>\n<meta property=\"article:publisher\" content=\"https:\/\/sv-se.facebook.com\/filmicart\" \/>\n<meta property=\"article:modified_time\" content=\"2025-06-10T12:32:31+00:00\" \/>\n<meta property=\"og:image\" content=\"https:\/\/filmic.se\/wp-content\/uploads\/2021\/09\/hm-kangol.jpg\" \/>\n\t<meta property=\"og:image:width\" content=\"1679\" \/>\n\t<meta property=\"og:image:height\" content=\"992\" \/>\n\t<meta property=\"og:image:type\" content=\"image\/jpeg\" \/>\n<meta name=\"twitter:card\" content=\"summary_large_image\" \/>\n<meta name=\"twitter:label1\" content=\"Ber\u00e4knad l\u00e4stid\" \/>\n\t<meta name=\"twitter:data1\" content=\"3 minuter\" \/>\n<script type=\"application\/ld+json\" class=\"yoast-schema-graph\">{\"@context\":\"https:\\\/\\\/schema.org\",\"@graph\":[{\"@type\":\"WebPage\",\"@id\":\"https:\\\/\\\/filmic.se\\\/sv\\\/om-oss\\\/\",\"url\":\"https:\\\/\\\/filmic.se\\\/sv\\\/om-oss\\\/\",\"name\":\"Om oss - Filmic Animation\",\"isPartOf\":{\"@id\":\"https:\\\/\\\/filmic.se\\\/sv\\\/#website\"},\"datePublished\":\"2023-08-23T15:28:04+00:00\",\"dateModified\":\"2025-06-10T12:32:31+00:00\",\"breadcrumb\":{\"@id\":\"https:\\\/\\\/filmic.se\\\/sv\\\/om-oss\\\/#breadcrumb\"},\"inLanguage\":\"sv-SE\",\"potentialAction\":[{\"@type\":\"ReadAction\",\"target\":[\"https:\\\/\\\/filmic.se\\\/sv\\\/om-oss\\\/\"]}]},{\"@type\":\"BreadcrumbList\",\"@id\":\"https:\\\/\\\/filmic.se\\\/sv\\\/om-oss\\\/#breadcrumb\",\"itemListElement\":[{\"@type\":\"ListItem\",\"position\":1,\"name\":\"Home\",\"item\":\"https:\\\/\\\/filmic.se\\\/sv\\\/\"},{\"@type\":\"ListItem\",\"position\":2,\"name\":\"Om oss\"}]},{\"@type\":\"WebSite\",\"@id\":\"https:\\\/\\\/filmic.se\\\/sv\\\/#website\",\"url\":\"https:\\\/\\\/filmic.se\\\/sv\\\/\",\"name\":\"Filmic Animation\",\"description\":\"Animation Studio in Stockholm\",\"publisher\":{\"@id\":\"https:\\\/\\\/filmic.se\\\/sv\\\/#organization\"},\"potentialAction\":[{\"@type\":\"SearchAction\",\"target\":{\"@type\":\"EntryPoint\",\"urlTemplate\":\"https:\\\/\\\/filmic.se\\\/sv\\\/?s={search_term_string}\"},\"query-input\":{\"@type\":\"PropertyValueSpecification\",\"valueRequired\":true,\"valueName\":\"search_term_string\"}}],\"inLanguage\":\"sv-SE\"},{\"@type\":\"Organization\",\"@id\":\"https:\\\/\\\/filmic.se\\\/sv\\\/#organization\",\"name\":\"Filmic\",\"url\":\"https:\\\/\\\/filmic.se\\\/sv\\\/\",\"logo\":{\"@type\":\"ImageObject\",\"inLanguage\":\"sv-SE\",\"@id\":\"https:\\\/\\\/filmic.se\\\/sv\\\/#\\\/schema\\\/logo\\\/image\\\/\",\"url\":\"https:\\\/\\\/filmic.se\\\/wp-content\\\/uploads\\\/2026\\\/04\\\/Filmic-logo-black.png\",\"contentUrl\":\"https:\\\/\\\/filmic.se\\\/wp-content\\\/uploads\\\/2026\\\/04\\\/Filmic-logo-black.png\",\"width\":2000,\"height\":638,\"caption\":\"Filmic\"},\"image\":{\"@id\":\"https:\\\/\\\/filmic.se\\\/sv\\\/#\\\/schema\\\/logo\\\/image\\\/\"},\"sameAs\":[\"https:\\\/\\\/sv-se.facebook.com\\\/filmicart\",\"https:\\\/\\\/www.linkedin.com\\\/company\\\/filmic-art-ab\\\/\",\"https:\\\/\\\/vimeo.com\\\/filmicart\"]}]}<\/script>\n<!-- \/ Yoast SEO Premium plugin. -->","yoast_head_json":{"title":"Om oss - Filmic Animation","robots":{"index":"index","follow":"follow","max-snippet":"max-snippet:-1","max-image-preview":"max-image-preview:large","max-video-preview":"max-video-preview:-1"},"canonical":"https:\/\/filmic.se\/sv\/om-oss\/","og_locale":"sv_SE","og_type":"article","og_title":"Om oss","og_url":"https:\/\/filmic.se\/sv\/om-oss\/","og_site_name":"Filmic Animation","article_publisher":"https:\/\/sv-se.facebook.com\/filmicart","article_modified_time":"2025-06-10T12:32:31+00:00","og_image":[{"width":1679,"height":992,"url":"https:\/\/filmic.se\/wp-content\/uploads\/2021\/09\/hm-kangol.jpg","type":"image\/jpeg"}],"twitter_card":"summary_large_image","twitter_misc":{"Ber\u00e4knad l\u00e4stid":"3 minuter"},"schema":{"@context":"https:\/\/schema.org","@graph":[{"@type":"WebPage","@id":"https:\/\/filmic.se\/sv\/om-oss\/","url":"https:\/\/filmic.se\/sv\/om-oss\/","name":"Om oss - Filmic Animation","isPartOf":{"@id":"https:\/\/filmic.se\/sv\/#website"},"datePublished":"2023-08-23T15:28:04+00:00","dateModified":"2025-06-10T12:32:31+00:00","breadcrumb":{"@id":"https:\/\/filmic.se\/sv\/om-oss\/#breadcrumb"},"inLanguage":"sv-SE","potentialAction":[{"@type":"ReadAction","target":["https:\/\/filmic.se\/sv\/om-oss\/"]}]},{"@type":"BreadcrumbList","@id":"https:\/\/filmic.se\/sv\/om-oss\/#breadcrumb","itemListElement":[{"@type":"ListItem","position":1,"name":"Home","item":"https:\/\/filmic.se\/sv\/"},{"@type":"ListItem","position":2,"name":"Om oss"}]},{"@type":"WebSite","@id":"https:\/\/filmic.se\/sv\/#website","url":"https:\/\/filmic.se\/sv\/","name":"Filmic Animation","description":"Animation Studio in Stockholm","publisher":{"@id":"https:\/\/filmic.se\/sv\/#organization"},"potentialAction":[{"@type":"SearchAction","target":{"@type":"EntryPoint","urlTemplate":"https:\/\/filmic.se\/sv\/?s={search_term_string}"},"query-input":{"@type":"PropertyValueSpecification","valueRequired":true,"valueName":"search_term_string"}}],"inLanguage":"sv-SE"},{"@type":"Organization","@id":"https:\/\/filmic.se\/sv\/#organization","name":"Filmic","url":"https:\/\/filmic.se\/sv\/","logo":{"@type":"ImageObject","inLanguage":"sv-SE","@id":"https:\/\/filmic.se\/sv\/#\/schema\/logo\/image\/","url":"https:\/\/filmic.se\/wp-content\/uploads\/2026\/04\/Filmic-logo-black.png","contentUrl":"https:\/\/filmic.se\/wp-content\/uploads\/2026\/04\/Filmic-logo-black.png","width":2000,"height":638,"caption":"Filmic"},"image":{"@id":"https:\/\/filmic.se\/sv\/#\/schema\/logo\/image\/"},"sameAs":["https:\/\/sv-se.facebook.com\/filmicart","https:\/\/www.linkedin.com\/company\/filmic-art-ab\/","https:\/\/vimeo.com\/filmicart"]}]}},"_links":{"self":[{"href":"https:\/\/filmic.se\/sv\/wp-json\/wp\/v2\/pages\/11755","targetHints":{"allow":["GET"]}}],"collection":[{"href":"https:\/\/filmic.se\/sv\/wp-json\/wp\/v2\/pages"}],"about":[{"href":"https:\/\/filmic.se\/sv\/wp-json\/wp\/v2\/types\/page"}],"author":[{"embeddable":true,"href":"https:\/\/filmic.se\/sv\/wp-json\/wp\/v2\/users\/1"}],"replies":[{"embeddable":true,"href":"https:\/\/filmic.se\/sv\/wp-json\/wp\/v2\/comments?post=11755"}],"version-history":[{"count":53,"href":"https:\/\/filmic.se\/sv\/wp-json\/wp\/v2\/pages\/11755\/revisions"}],"predecessor-version":[{"id":12869,"href":"https:\/\/filmic.se\/sv\/wp-json\/wp\/v2\/pages\/11755\/revisions\/12869"}],"wp:attachment":[{"href":"https:\/\/filmic.se\/sv\/wp-json\/wp\/v2\/media?parent=11755"}],"curies":[{"name":"wp","href":"https:\/\/api.w.org\/{rel}","templated":true}]}}