{"id":11430,"date":"2023-05-10T12:42:44","date_gmt":"2023-05-10T10:42:44","guid":{"rendered":"https:\/\/filmic.se\/services\/"},"modified":"2025-04-14T14:40:18","modified_gmt":"2025-04-14T12:40:18","slug":"tjanster","status":"publish","type":"page","link":"https:\/\/filmic.se\/sv\/tjanster\/","title":{"rendered":"Tj\u00e4nster"},"content":{"rendered":"<section id=\"contentblock-block_6606d38c2a301db8753aec1b8f71b4d6\" class=\"text-black white contentblock is-style-grid-12\" >\n\n\n    \n    <div class=\"inner \">\n        <p class=\"intro introduction grey-introduction\" style=\"text-align: left;\">Vi p\u00e5 <strong>Filmic <\/strong>\u00e4r specialiserade p\u00e5 att omvandla dina id\u00e9er och visioner till prisbel\u00f6nta filmer. Med v\u00e5r expertis erbjuder vi f\u00f6rstklassiga animationer skr\u00e4ddarsydda f\u00f6r olika stilar och tekniker, vilket garanterar en unik filmupplevelse f\u00f6r v\u00e5ra kunder.<\/p>\n\n    <\/div>\n    \n<\/section>\n\n\n<section id=\"video-article-block_f61623f2a457183b8550de28e9759dfe\" class=\"imgpos-right white video-article is-style-grid-10\" >\n\n    <div class=\"inner\">\n\n\n            \n                <div class=\"col imgcol\">\n                    \n                    <img decoding=\"async\" src=\"https:\/\/filmic.se\/wp-content\/uploads\/2023\/05\/Gaming_Commercial_Reel_picture_v01-02-1084x535.jpg);\" alt=\"$image['alt']\" \/>\n\n            \n                    <a class=\"toggleBtn fancybox\" rel=\"video-https:\/\/youtu.be\/1fXKAwytl3A\" data-fancybox=\"video-https:\/\/youtu.be\/1fXKAwytl3A\" href=\"https:\/\/www.youtube.com\/watch?v=https:\/\/youtu.be\/1fXKAwytl3A\"><span><\/span><\/a>\n\n                    \n\n                <\/div>\n\n            \n\n            <div class=\"col excerpt\">\n                <div class=\"col-inner\">\n\n                    <h2>Commercials<\/h2>\n\n                    <div class=\"flex flex-col items-center text-sm dark:bg-gray-800 w-full\">\n<div class=\"w-full border-b border-black\/10 dark:border-gray-900\/50 text-gray-800 dark:text-gray-100 group dark:bg-gray-800\">\n<div class=\"text-base gap-4 md:gap-6 m-auto md:max-w-2xl lg:max-w-2xl xl:max-w-3xl p-4 md:py-6 flex lg:px-0\">\n<div class=\"w-[calc(100%-50px)] \">\n<div class=\"relative flex flex-col gap-1 md:gap-3 lg:w-[calc(100%-115px)]\">\n<div class=\"markdown prose w-full break-words dark:prose-invert dark\">\n<p class=\"whitespace-pre-wrap\">Vi har stor erfarenhet av att producera reklam tillsammans med byr\u00e5er, inhouse byr\u00e5er och varum\u00e4rken. Oavsett om det \u00e4r en produkt eller sj\u00e4lva varum\u00e4rket som marknadsf\u00f6rs, \u00e4lskar vi alltid utmaningen att n\u00e5 r\u00e4tt publik p\u00e5 ett s\u00e5 kreativt s\u00e4tt som m\u00f6jligt.<\/p>\n<\/div>\n<\/div>\n<\/div>\n<\/div>\n<\/div>\n<\/div>\n\n\n                                                <div class=\"btnholder\"><a class=\"morelink anchor\" href=\"#commercials\" target=\"_self\">Our process<\/a><\/div>\n                    \n\n                <\/div>\n            <\/div>\n\n\n\n        \n\n    <\/div>        \n<\/section>     \n\n\n\n<section id=\"video-article-block_8c9af900f33fed001b0831065c3e93e0\" class=\"imgpos-left white video-article is-style-grid-10 notoppadding\" >\n\n    <div class=\"inner\">\n\n\n            \n                <div class=\"col imgcol\">\n                    \n                    <img decoding=\"async\" src=\"https:\/\/filmic.se\/wp-content\/uploads\/2023\/05\/Gaming_Commercial_Reel_picture_v01-01-1084x535.jpg);\" alt=\"$image['alt']\" \/>\n\n            \n                    <a class=\"toggleBtn fancybox\" rel=\"video-https:\/\/youtu.be\/-r9-vZNalvk\" data-fancybox=\"video-https:\/\/youtu.be\/-r9-vZNalvk\" href=\"https:\/\/www.youtube.com\/watch?v=https:\/\/youtu.be\/-r9-vZNalvk\"><span><\/span><\/a>\n\n                    \n\n                <\/div>\n\n            \n\n            <div class=\"col excerpt\">\n                <div class=\"col-inner\">\n\n                    <h2>Gaming services<\/h2>\n\n                    <p>Vi brinner f\u00f6r spel och har l\u00e5ng erfarenhet av att samarbeta med b\u00e5de utgivare och utvecklare. Vi producerar stora releasetrailers, teasertrailers, steam capsules, key art, logo design och logo animationer &amp; intros. De projekt vi har gjort hittills har n\u00e5tt en stor publik, vilket har lett till en enorm respons och spridning f\u00f6r de trailers vi producerat. Kontakta oss f\u00f6r mer info!<\/p>\n\n\n                                                <div class=\"btnholder\"><a class=\"morelink anchor\" href=\"#gaming-services\" target=\"_self\">Our services<\/a><\/div>\n                    \n\n                <\/div>\n            <\/div>\n\n\n\n        \n\n    <\/div>        \n<\/section>     \n\n\n<section id=\"commercials\" class=\"default green columns commercials is-style-grid-10\" >\n\n    <div class=\"inner default\">\n\n\n\n        \n\n        <h2> Commercials<\/h2>\n            <div class=\"column-container\">\n\n                                        <div class=\"col\">\n            \n                            <p><img loading=\"lazy\" decoding=\"async\" class=\"aligncenter wp-image-9875\" src=\"https:\/\/filmic.se\/wp-content\/uploads\/2023\/05\/commercials-1.png\" alt=\"1\" width=\"80\" height=\"147\" \/><\/p>\n<h3>Id\u00e9 Utveckling<\/h3>\n<h4>KONCEPT \u2022 MANUS<\/h4>\n<p>Vi hj\u00e4lper v\u00e5ra kunder med att utveckla id\u00e9er, koncept och manus. Vi l\u00e4gger mycket tid och engagemang i det h\u00e4r skedet f\u00f6r att skapa en solid grund f\u00f6r filmens produktion.<\/p>\n \n\n                        <\/div>\n\n                                            <div class=\"col\">\n            \n                            <p><img loading=\"lazy\" decoding=\"async\" class=\"size-full wp-image-9877 aligncenter\" src=\"https:\/\/filmic.se\/wp-content\/uploads\/2023\/05\/commercials-2.png\" alt=\"2\" width=\"169\" height=\"129\" \/><\/p>\n<h3>Storyboard<\/h3>\n<h4>BOARDMATIC \u2022 ANIMATIC<\/h4>\n<p>F\u00f6r att tidigt visualisera en id\u00e9 eller film producerar vi storyboards, boardmatics och animatics. Detta skapar en solid bas och f\u00f6r projektet fram\u00e5t i r\u00e4tt riktning.<\/p>\n \n\n                        <\/div>\n\n                                            <div class=\"col\">\n            \n                            <p><img loading=\"lazy\" decoding=\"async\" class=\"size-full wp-image-9879 aligncenter\" src=\"https:\/\/filmic.se\/wp-content\/uploads\/2023\/05\/commercials-3.png\" alt=\"3\" width=\"107\" height=\"149\" \/><\/p>\n<h3>Design<\/h3>\n<h4>ART DIRECTION \u2022 ILLUSTRATION<\/h4>\n<p>V\u00e5ra designers f\u00f6rser varje projekt med kreativ art direction och engagemang. F\u00f6rutom att producera avancerad 3D, skapar vi \u00e4ven illustrationer och 2D-grafik och animationer n\u00e4r det beh\u00f6vs.<\/p>\n \n\n                        <\/div>\n\n                                            <div class=\"col\">\n            \n                            <p><img loading=\"lazy\" decoding=\"async\" class=\"size-full wp-image-9881 aligncenter\" src=\"https:\/\/dev2021.filmicart.se\/wp-content\/uploads\/2023\/05\/commercials-4.png\" alt=\"4\" width=\"168\" height=\"106\" \/><\/p>\n<h3>Film &amp; Stillbilder<\/h3>\n<h4>3D FILM &amp; STILLS \u2022 AI \u2022 VR<\/h4>\n<p>Vi g\u00f6r h\u00f6gkvalitativa 3D-filmer och kan vi \u00e4ven erbjuda h\u00f6guppl\u00f6sta stillbilder som en ad-on till din kampanj. AI \u00e4r en naturlig del i v\u00e5r arbetsprocess, vi anv\u00e4nder plugins och saker som underl\u00e4ttar och f\u00f6rb\u00e4ttrar resultaten. Vi kan ocks\u00e5 skapa inneh\u00e5ll i VR eller AR om det behovet finns.<\/p>\n \n\n                        <\/div>\n\n                                            <div class=\"col\">\n            \n                            <p><img loading=\"lazy\" decoding=\"async\" class=\"size-full wp-image-9883 aligncenter\" src=\"https:\/\/dev2021.filmicart.se\/wp-content\/uploads\/2023\/05\/commercials-5.png\" alt=\"5\" width=\"112\" height=\"169\" \/><\/p>\n<h3>Master\/Format<\/h3>\n<h4>SOME \u2022 DOOH \u2022 TV \u2022 BIO<\/h4>\n<p>I efterproduktion erbjuder vi en m\u00e4ngd olika tj\u00e4nster, inklusive nerklippningar, grafik, spr\u00e5kversioner, ljuddesign, musik och formatversioner f\u00f6r SoMe.<\/p>\n \n\n                        <\/div>\n\n                    \n                                        <div class=\"commercial-column-lines\">\n                        <img decoding=\"async\" src=\"https:\/\/filmic.se\/wp-content\/themes\/filmicart-2021\/lib\/gfx\/lines-full.png\" alt=\"\" \/>\n                    <\/div>\n                \n            <\/div>\n\n    <\/div>\n    \n<\/section>\n\n<section id=\"gaming-services\" class=\"default teal columns gaming-services is-style-grid-10\" >\n\n    <div class=\"inner default\">\n\n\n\n        \n\n        <h2> Gaming services<\/h2>\n            <div class=\"column-container\">\n\n                                        <div class=\"col\">\n            \n                            <p><img loading=\"lazy\" decoding=\"async\" class=\"size-full wp-image-9889 aligncenter\" src=\"https:\/\/filmic.se\/wp-content\/uploads\/2023\/05\/GameTrailers.jpg\" alt=\"\" width=\"172\" height=\"172\" \/><\/p>\n<h3>Game trailers<\/h3>\n<h4>PREMIUM TRAILERS<\/h4>\n<p>Vi \u00e4r specialiserad p\u00e5 att skapa h\u00f6gkvalitativa speltrailers med dynamisk karakt\u00e4rsanimation i fantastisk 3D. Men vi kan ocks\u00e5 producera imponerande 2D- eller 2.5D-trailers som effektivt f\u00e5ngar spelares intresse.<\/p>\n \n\n                        <\/div>\n\n                                            <div class=\"col\">\n            \n                            <p><img loading=\"lazy\" decoding=\"async\" class=\"size-full wp-image-9887 aligncenter\" src=\"https:\/\/filmic.se\/wp-content\/uploads\/2023\/05\/GameCapture.jpg\" alt=\"\" width=\"172\" height=\"172\" \/><\/p>\n<h3>Game Capture<\/h3>\n<h4>REDIGERING AV GAME CAPTURE<\/h4>\n<p>Vi kan spel och hj\u00e4lper g\u00e4rna till att f\u00e5nga relevanta och bra spelsekvenser. Sedan s\u00e5 f\u00f6rb\u00e4ttrar och f\u00f6rtydligar vi genom att inf\u00f6rliva grafik, ljud och skickligt redigera spelinneh\u00e5llet.<br \/>\n.<\/p>\n \n\n                        <\/div>\n\n                                            <div class=\"col\">\n            \n                            <p><img loading=\"lazy\" decoding=\"async\" class=\"size-full wp-image-9873 aligncenter\" src=\"https:\/\/filmic.se\/wp-content\/uploads\/2023\/05\/Cinematics.jpg\" alt=\"\" width=\"172\" height=\"172\" \/><\/p>\n<h3>Cinematics<\/h3>\n<h4>2D \u2022 3D \u2022 ANIMATION \u2022 REDIGERING<\/h4>\n<p>V\u00e5rt m\u00e5l \u00e4r att skapa f\u00e4ngslande och uppslukande scener som inte bara f\u00f6rb\u00e4ttrar handlingen utan ocks\u00e5 ger en of\u00f6rgl\u00f6mlig upplevelse f\u00f6r spelarna.<\/p>\n \n\n                        <\/div>\n\n                                            <div class=\"col\">\n            \n                            <p><img loading=\"lazy\" decoding=\"async\" class=\"size-full wp-image-9891 aligncenter\" src=\"https:\/\/filmic.se\/wp-content\/uploads\/2023\/05\/KeyArt.jpg\" alt=\"\" width=\"172\" height=\"172\" \/><\/p>\n<h3>Key Art<\/h3>\n<h4>3D \u2022 2D ILLUSTRATION \u2022 DESIGN<\/h4>\n<p>Vi skapar f\u00e4ngslande bilder som direkt f\u00e5ngar sj\u00e4lva hj\u00e4rtat av spelet och framg\u00e5ngsrikt marknadsf\u00f6r det till ett r\u00e4tt m\u00e5lgrupp.<\/p>\n \n\n                        <\/div>\n\n                                            <div class=\"col\">\n            \n                            <p><img loading=\"lazy\" decoding=\"async\" class=\"size-full wp-image-9885 aligncenter\" src=\"https:\/\/filmic.se\/wp-content\/uploads\/2023\/05\/ConceptArt.jpg\" alt=\"\" width=\"172\" height=\"172\" \/><\/p>\n<h3>Concept Art<\/h3>\n<h4>3D \u2022 2D ILLUSTRATION \u2022 DESIGN<\/h4>\n<p>N\u00e4r vi skapar en tidig speltrailer s\u00e5 hj\u00e4lper vi \u00e4ven till med utformningen av spelets k\u00e4nsla genom att skapa r\u00e4tt vision och riktning i den inledande fasen. Givetvis tillsammans med publisher och developers.<\/p>\n \n\n                        <\/div>\n\n                                            <div class=\"col\">\n            \n                            <p><img loading=\"lazy\" decoding=\"async\" class=\"size-full wp-image-9893 aligncenter\" src=\"https:\/\/filmic.se\/wp-content\/uploads\/2023\/05\/LogoDesign.jpg\" alt=\"\" width=\"172\" height=\"172\" \/><\/p>\n<h3>Logo Grafik<\/h3>\n<h4>LOGO DESIGN \u2022 LOGO REVEALS<\/h4>\n<p>Vi hj\u00e4lper g\u00e4rna till att f\u00f6rb\u00e4ttra eller designa spellogotyper till 3D-modeller f\u00f6r att skapa en premium k\u00e4nsla av spelets identitet.<\/p>\n \n\n                        <\/div>\n\n                    \n                \n            <\/div>\n\n    <\/div>\n    \n<\/section>\n\n<section id=\"contentblock-block_1d6e4791f5abde1415013df9c1a03988\" class=\"text-black white contentblock social is-style-grid-10\" >\n\n\n    \n    <div class=\"inner \">\n        <hr\/>\n<h2 style=\"text-align: center;\">H\u00e5ll dig uppdaterad! &#8211; F\u00f6lj oss!<\/h2>\n<p style=\"text-align: center;\">Kika p\u00e5 v\u00e5ra sociala medier.<br \/>\nF\u00f6lj oss p\u00e5 <a href=\"https:\/\/www.linkedin.com\/company\/filmic-art-ab\" target=\"_blank\" rel=\"noopener\">LinkedIn<\/a>, <a href=\"https:\/\/www.youtube.com\/@FilmicartAB\" target=\"_blank\" rel=\"noopener\">Youtube<\/a> och <a href=\"https:\/\/www.instagram.com\/filmicart\/\" target=\"_blank\" rel=\"noopener\">Instagram<\/a>.<\/p>\n\n    <\/div>\n    \n<\/section>\n\n<section id=\"contentblock-block_88a4bc318b777535bdf0994f4e2ea604\" class=\"text-black green contentblock is-style-grid-8 slim clients\" >\n\n\n    \n    <div class=\"inner \">\n        <p><span class=\"clients\">N\u00e5gra av v\u00e5ra kunder:<\/span><br \/>\n<img loading=\"lazy\" decoding=\"async\" class=\"clients alignnone size-full wp-image-8861\" src=\"https:\/\/dev2021.filmicart.se\/wp-content\/uploads\/2021\/08\/Clients-grid-2021-v01.png\" alt=\"\" width=\"1511\" height=\"783\" srcset=\"https:\/\/filmic.se\/wp-content\/uploads\/2021\/08\/Clients-grid-2021-v01.png 1511w, https:\/\/filmic.se\/wp-content\/uploads\/2021\/08\/Clients-grid-2021-v01-300x155.png 300w, https:\/\/filmic.se\/wp-content\/uploads\/2021\/08\/Clients-grid-2021-v01-1024x531.png 1024w, https:\/\/filmic.se\/wp-content\/uploads\/2021\/08\/Clients-grid-2021-v01-768x398.png 768w\" sizes=\"auto, (max-width: 1511px) 100vw, 1511px\" \/><\/p>\n\n    <\/div>\n    \n<\/section>","protected":false},"excerpt":{"rendered":"","protected":false},"author":1,"featured_media":0,"parent":0,"menu_order":0,"comment_status":"closed","ping_status":"closed","template":"","meta":{"_acf_changed":false,"_monsterinsights_skip_tracking":false,"_monsterinsights_sitenote_active":false,"_monsterinsights_sitenote_note":"","_monsterinsights_sitenote_category":0,"footnotes":""},"class_list":["post-11430","page","type-page","status-publish","hentry"],"acf":[],"yoast_head":"<!-- This site is optimized with the Yoast SEO Premium plugin v26.2 (Yoast SEO v27.4) - https:\/\/yoast.com\/product\/yoast-seo-premium-wordpress\/ -->\n<title>Tj\u00e4nster - Filmic Animation<\/title>\n<meta name=\"robots\" content=\"index, follow, max-snippet:-1, max-image-preview:large, max-video-preview:-1\" \/>\n<link rel=\"canonical\" href=\"https:\/\/filmic.se\/sv\/tjanster\/\" \/>\n<meta property=\"og:locale\" content=\"sv_SE\" \/>\n<meta property=\"og:type\" content=\"article\" \/>\n<meta property=\"og:title\" content=\"Tj\u00e4nster\" \/>\n<meta property=\"og:url\" content=\"https:\/\/filmic.se\/sv\/tjanster\/\" \/>\n<meta property=\"og:site_name\" content=\"Filmic Animation\" \/>\n<meta property=\"article:publisher\" content=\"https:\/\/sv-se.facebook.com\/filmicart\" \/>\n<meta property=\"article:modified_time\" content=\"2025-04-14T12:40:18+00:00\" \/>\n<meta property=\"og:image\" content=\"https:\/\/filmic.se\/wp-content\/uploads\/2021\/09\/hm-kangol.jpg\" \/>\n\t<meta property=\"og:image:width\" content=\"1679\" \/>\n\t<meta property=\"og:image:height\" content=\"992\" \/>\n\t<meta property=\"og:image:type\" content=\"image\/jpeg\" \/>\n<meta name=\"twitter:card\" content=\"summary_large_image\" \/>\n<meta name=\"twitter:label1\" content=\"Ber\u00e4knad l\u00e4stid\" \/>\n\t<meta name=\"twitter:data1\" content=\"6 minuter\" \/>\n<script type=\"application\/ld+json\" class=\"yoast-schema-graph\">{\"@context\":\"https:\\\/\\\/schema.org\",\"@graph\":[{\"@type\":\"WebPage\",\"@id\":\"https:\\\/\\\/filmic.se\\\/sv\\\/tjanster\\\/\",\"url\":\"https:\\\/\\\/filmic.se\\\/sv\\\/tjanster\\\/\",\"name\":\"Tj\u00e4nster - Filmic Animation\",\"isPartOf\":{\"@id\":\"https:\\\/\\\/filmic.se\\\/sv\\\/#website\"},\"datePublished\":\"2023-05-10T10:42:44+00:00\",\"dateModified\":\"2025-04-14T12:40:18+00:00\",\"breadcrumb\":{\"@id\":\"https:\\\/\\\/filmic.se\\\/sv\\\/tjanster\\\/#breadcrumb\"},\"inLanguage\":\"sv-SE\",\"potentialAction\":[{\"@type\":\"ReadAction\",\"target\":[\"https:\\\/\\\/filmic.se\\\/sv\\\/tjanster\\\/\"]}]},{\"@type\":\"BreadcrumbList\",\"@id\":\"https:\\\/\\\/filmic.se\\\/sv\\\/tjanster\\\/#breadcrumb\",\"itemListElement\":[{\"@type\":\"ListItem\",\"position\":1,\"name\":\"Home\",\"item\":\"https:\\\/\\\/filmic.se\\\/sv\\\/\"},{\"@type\":\"ListItem\",\"position\":2,\"name\":\"Tj\u00e4nster\"}]},{\"@type\":\"WebSite\",\"@id\":\"https:\\\/\\\/filmic.se\\\/sv\\\/#website\",\"url\":\"https:\\\/\\\/filmic.se\\\/sv\\\/\",\"name\":\"Filmic Animation\",\"description\":\"Animation Studio in Stockholm\",\"publisher\":{\"@id\":\"https:\\\/\\\/filmic.se\\\/sv\\\/#organization\"},\"potentialAction\":[{\"@type\":\"SearchAction\",\"target\":{\"@type\":\"EntryPoint\",\"urlTemplate\":\"https:\\\/\\\/filmic.se\\\/sv\\\/?s={search_term_string}\"},\"query-input\":{\"@type\":\"PropertyValueSpecification\",\"valueRequired\":true,\"valueName\":\"search_term_string\"}}],\"inLanguage\":\"sv-SE\"},{\"@type\":\"Organization\",\"@id\":\"https:\\\/\\\/filmic.se\\\/sv\\\/#organization\",\"name\":\"Filmic\",\"url\":\"https:\\\/\\\/filmic.se\\\/sv\\\/\",\"logo\":{\"@type\":\"ImageObject\",\"inLanguage\":\"sv-SE\",\"@id\":\"https:\\\/\\\/filmic.se\\\/sv\\\/#\\\/schema\\\/logo\\\/image\\\/\",\"url\":\"https:\\\/\\\/filmic.se\\\/wp-content\\\/uploads\\\/2026\\\/04\\\/Filmic-logo-black.png\",\"contentUrl\":\"https:\\\/\\\/filmic.se\\\/wp-content\\\/uploads\\\/2026\\\/04\\\/Filmic-logo-black.png\",\"width\":2000,\"height\":638,\"caption\":\"Filmic\"},\"image\":{\"@id\":\"https:\\\/\\\/filmic.se\\\/sv\\\/#\\\/schema\\\/logo\\\/image\\\/\"},\"sameAs\":[\"https:\\\/\\\/sv-se.facebook.com\\\/filmicart\",\"https:\\\/\\\/www.linkedin.com\\\/company\\\/filmic-art-ab\\\/\",\"https:\\\/\\\/vimeo.com\\\/filmicart\"]}]}<\/script>\n<!-- \/ Yoast SEO Premium plugin. -->","yoast_head_json":{"title":"Tj\u00e4nster - Filmic Animation","robots":{"index":"index","follow":"follow","max-snippet":"max-snippet:-1","max-image-preview":"max-image-preview:large","max-video-preview":"max-video-preview:-1"},"canonical":"https:\/\/filmic.se\/sv\/tjanster\/","og_locale":"sv_SE","og_type":"article","og_title":"Tj\u00e4nster","og_url":"https:\/\/filmic.se\/sv\/tjanster\/","og_site_name":"Filmic Animation","article_publisher":"https:\/\/sv-se.facebook.com\/filmicart","article_modified_time":"2025-04-14T12:40:18+00:00","og_image":[{"width":1679,"height":992,"url":"https:\/\/filmic.se\/wp-content\/uploads\/2021\/09\/hm-kangol.jpg","type":"image\/jpeg"}],"twitter_card":"summary_large_image","twitter_misc":{"Ber\u00e4knad l\u00e4stid":"6 minuter"},"schema":{"@context":"https:\/\/schema.org","@graph":[{"@type":"WebPage","@id":"https:\/\/filmic.se\/sv\/tjanster\/","url":"https:\/\/filmic.se\/sv\/tjanster\/","name":"Tj\u00e4nster - Filmic Animation","isPartOf":{"@id":"https:\/\/filmic.se\/sv\/#website"},"datePublished":"2023-05-10T10:42:44+00:00","dateModified":"2025-04-14T12:40:18+00:00","breadcrumb":{"@id":"https:\/\/filmic.se\/sv\/tjanster\/#breadcrumb"},"inLanguage":"sv-SE","potentialAction":[{"@type":"ReadAction","target":["https:\/\/filmic.se\/sv\/tjanster\/"]}]},{"@type":"BreadcrumbList","@id":"https:\/\/filmic.se\/sv\/tjanster\/#breadcrumb","itemListElement":[{"@type":"ListItem","position":1,"name":"Home","item":"https:\/\/filmic.se\/sv\/"},{"@type":"ListItem","position":2,"name":"Tj\u00e4nster"}]},{"@type":"WebSite","@id":"https:\/\/filmic.se\/sv\/#website","url":"https:\/\/filmic.se\/sv\/","name":"Filmic Animation","description":"Animation Studio in Stockholm","publisher":{"@id":"https:\/\/filmic.se\/sv\/#organization"},"potentialAction":[{"@type":"SearchAction","target":{"@type":"EntryPoint","urlTemplate":"https:\/\/filmic.se\/sv\/?s={search_term_string}"},"query-input":{"@type":"PropertyValueSpecification","valueRequired":true,"valueName":"search_term_string"}}],"inLanguage":"sv-SE"},{"@type":"Organization","@id":"https:\/\/filmic.se\/sv\/#organization","name":"Filmic","url":"https:\/\/filmic.se\/sv\/","logo":{"@type":"ImageObject","inLanguage":"sv-SE","@id":"https:\/\/filmic.se\/sv\/#\/schema\/logo\/image\/","url":"https:\/\/filmic.se\/wp-content\/uploads\/2026\/04\/Filmic-logo-black.png","contentUrl":"https:\/\/filmic.se\/wp-content\/uploads\/2026\/04\/Filmic-logo-black.png","width":2000,"height":638,"caption":"Filmic"},"image":{"@id":"https:\/\/filmic.se\/sv\/#\/schema\/logo\/image\/"},"sameAs":["https:\/\/sv-se.facebook.com\/filmicart","https:\/\/www.linkedin.com\/company\/filmic-art-ab\/","https:\/\/vimeo.com\/filmicart"]}]}},"_links":{"self":[{"href":"https:\/\/filmic.se\/sv\/wp-json\/wp\/v2\/pages\/11430","targetHints":{"allow":["GET"]}}],"collection":[{"href":"https:\/\/filmic.se\/sv\/wp-json\/wp\/v2\/pages"}],"about":[{"href":"https:\/\/filmic.se\/sv\/wp-json\/wp\/v2\/types\/page"}],"author":[{"embeddable":true,"href":"https:\/\/filmic.se\/sv\/wp-json\/wp\/v2\/users\/1"}],"replies":[{"embeddable":true,"href":"https:\/\/filmic.se\/sv\/wp-json\/wp\/v2\/comments?post=11430"}],"version-history":[{"count":36,"href":"https:\/\/filmic.se\/sv\/wp-json\/wp\/v2\/pages\/11430\/revisions"}],"predecessor-version":[{"id":12589,"href":"https:\/\/filmic.se\/sv\/wp-json\/wp\/v2\/pages\/11430\/revisions\/12589"}],"wp:attachment":[{"href":"https:\/\/filmic.se\/sv\/wp-json\/wp\/v2\/media?parent=11430"}],"curies":[{"name":"wp","href":"https:\/\/api.w.org\/{rel}","templated":true}]}}